{"id":32936,"date":"2018-03-27T13:34:30","date_gmt":"2018-03-27T13:34:30","guid":{"rendered":"http:\/\/excessbaggageshipping.be\/?page_id=32936"},"modified":"2018-03-27T13:34:30","modified_gmt":"2018-03-27T13:34:30","slug":"goederen-laten-opsturen","status":"publish","type":"page","link":"https:\/\/excessbaggageshipping.be\/nl\/goederen-laten-opsturen\/","title":{"rendered":"Goederen laten opsturen"},"content":{"rendered":"<h1>Persoonlijke goederen laten opsturen<\/h1>\n<p>Wilt u graag bepaalde <strong>goederen laten opsturen<\/strong>? Dan bent u bij Excess Baggage Shipping aan het juiste adres! Wij zijn gespecialiseerd in import en export en zorgen dat uw spullen veilig op de plek van bestemming worden geleverd. Bij ons kan u uw goederen laten opsturen zonder zorgen dankzij onze jarenlange ervaring! We nemen voor u het transport uit handen zodat uw reis makkelijker wordt gemaakt. Heeft u vragen over ons of het werk dat wij doen? Aarzel dan niet om ons te contacteren via de contactpagina op onze website! Wij helpen u graag verder.<\/p>\n<h2>Onze services<\/h2>\n<p>Persoonlijke goederen laten opsturen is niet altijd evident, aangezien u een professionele en betrouwbare partij moet vinden die deze klus aankan. Excess Baggage Shipping heeft al vele tevreden klanten geholpen met de verzending van verschillende soorten pakketten naar allerlei uiteenlopende locaties. Daarnaast kunnen we u ook helpen bij het verpakken van uw goederen, wat zeer belangrijk is voor hun veiligheid tijdens de reis. Wij zorgen steeds dat onze diensten van een topkwaliteit zijn door u te verzekeren van:<\/p>\n<ul>\n<li>Prijsberekening op voorhand;<\/li>\n<li>Specialisatie in onze sector;<\/li>\n<li>Een professionele aanpak.<\/li>\n<\/ul>\n<h3>Snel en makkelijk uw goederen laten opsturen<\/h3>\n<p>Reizen is vaak een leuke ervaring, maar het kan ook veel lastige zaken met zich meebrengen. Door Excess Baggage Shipping uw goederen te laten opsturen zorgt u al dat er \u00e9\u00e9n grote zorg wordt ge\u00eblimineerd! Wij werken snel, professioneel en met zorg aan iedere opdracht die we binnenkrijgen zodat u zonder zorgen op uw reis kan vertrekken zonder dat u belangrijke spullen moet achterlaten omdat ze niet in uw auto of koffer passen!<\/p>\n<h4>Vraag uw vrijblijvende offerte aan!<\/h4>\n<p>Wilt u door ons uw goederen laten opsturen naar een locatie van uw keuze? Contacteer ons dan via onze contactpagina voor een vrijblijvende offerte! Wij reageren zo snel mogelijk op uw aanvraag met een passend aanbod. Ook voor andere vragen rond ons werk zijn we altijd beschikbaar!<\/p>\n<p><button type=\"button\"><a href=\"en\/excess-baggage-shipping-request-a-quote\">Prijsofferte aanvragen<\/a><\/button><\/p>\n","protected":false},"excerpt":{"rendered":"<p>Persoonlijke goederen laten opsturen Wilt u graag bepaalde goederen laten opsturen? Dan bent u bij Excess Baggage Shipping aan het juiste adres! Wij zijn gespecialiseerd in import en export en zorgen dat uw spullen veilig op de plek van bestemming worden geleverd. Bij ons kan u uw goederen laten opsturen zonder zorgen dankzij onze jarenlange [&hellip;]<\/p>\n","protected":false},"author":3,"featured_media":0,"parent":0,"menu_order":0,"comment_status":"closed","ping_status":"closed","template":"","meta":{"_acf_changed":false,"footnotes":""},"class_list":["post-32936","page","type-page","status-publish","hentry"],"acf":[],"yoast_head":"<!-- This site is optimized with the Yoast SEO plugin v25.3.1 - https:\/\/yoast.com\/wordpress\/plugins\/seo\/ -->\n<title>Wilt u graag uw goederen laten opsturen? Dit is perfect mogelijk bij Excess Baggage Shipping!<\/title>\n<meta name=\"description\" content=\"Excess Bagage Shipping maakt het voor u mogelijk om goederen op te sturen naar waar u maar wil. Onze import- en exportspecialisten zorgen ervoor dat uw goederen veilig en wel op de juiste plaats bezorgd worden. Neem een kijkje op onze website voor meer informatie.\" \/>\n<meta name=\"robots\" content=\"index, follow, max-snippet:-1, max-image-preview:large, max-video-preview:-1\" \/>\n<link rel=\"canonical\" href=\"https:\/\/excessbaggageshipping.be\/nl\/goederen-laten-opsturen\/\" \/>\n<meta property=\"og:locale\" content=\"nl_BE\" \/>\n<meta property=\"og:type\" content=\"article\" \/>\n<meta property=\"og:title\" content=\"Wilt u graag uw goederen laten opsturen? Dit is perfect mogelijk bij Excess Baggage Shipping!\" \/>\n<meta property=\"og:description\" content=\"Excess Bagage Shipping maakt het voor u mogelijk om goederen op te sturen naar waar u maar wil. Onze import- en exportspecialisten zorgen ervoor dat uw goederen veilig en wel op de juiste plaats bezorgd worden. Neem een kijkje op onze website voor meer informatie.\" \/>\n<meta property=\"og:url\" content=\"https:\/\/excessbaggageshipping.be\/nl\/goederen-laten-opsturen\/\" \/>\n<meta name=\"twitter:card\" content=\"summary_large_image\" \/>\n<meta name=\"twitter:label1\" content=\"Geschatte leestijd\" \/>\n\t<meta name=\"twitter:data1\" content=\"2 minuten\" \/>\n<script type=\"application\/ld+json\" class=\"yoast-schema-graph\">{\"@context\":\"https:\/\/schema.org\",\"@graph\":[{\"@type\":\"WebPage\",\"@id\":\"https:\/\/excessbaggageshipping.be\/nl\/goederen-laten-opsturen\/\",\"url\":\"https:\/\/excessbaggageshipping.be\/nl\/goederen-laten-opsturen\/\",\"name\":\"Wilt u graag uw goederen laten opsturen? Dit is perfect mogelijk bij Excess Baggage Shipping!\",\"isPartOf\":{\"@id\":\"https:\/\/excessbaggageshipping.be\/#website\"},\"datePublished\":\"2018-03-27T13:34:30+00:00\",\"description\":\"Excess Bagage Shipping maakt het voor u mogelijk om goederen op te sturen naar waar u maar wil. Onze import- en exportspecialisten zorgen ervoor dat uw goederen veilig en wel op de juiste plaats bezorgd worden. Neem een kijkje op onze website voor meer informatie.\",\"breadcrumb\":{\"@id\":\"https:\/\/excessbaggageshipping.be\/nl\/goederen-laten-opsturen\/#breadcrumb\"},\"inLanguage\":\"nl-BE\",\"potentialAction\":[{\"@type\":\"ReadAction\",\"target\":[\"https:\/\/excessbaggageshipping.be\/nl\/goederen-laten-opsturen\/\"]}]},{\"@type\":\"BreadcrumbList\",\"@id\":\"https:\/\/excessbaggageshipping.be\/nl\/goederen-laten-opsturen\/#breadcrumb\",\"itemListElement\":[{\"@type\":\"ListItem\",\"position\":1,\"name\":\"Home\",\"item\":\"https:\/\/excessbaggageshipping.be\/nl\/\"},{\"@type\":\"ListItem\",\"position\":2,\"name\":\"Goederen laten opsturen\"}]},{\"@type\":\"WebSite\",\"@id\":\"https:\/\/excessbaggageshipping.be\/#website\",\"url\":\"https:\/\/excessbaggageshipping.be\/\",\"name\":\"\",\"description\":\"\",\"potentialAction\":[{\"@type\":\"SearchAction\",\"target\":{\"@type\":\"EntryPoint\",\"urlTemplate\":\"https:\/\/excessbaggageshipping.be\/?s={search_term_string}\"},\"query-input\":{\"@type\":\"PropertyValueSpecification\",\"valueRequired\":true,\"valueName\":\"search_term_string\"}}],\"inLanguage\":\"nl-BE\"}]}<\/script>\n<!-- \/ Yoast SEO plugin. -->","yoast_head_json":{"title":"Wilt u graag uw goederen laten opsturen? Dit is perfect mogelijk bij Excess Baggage Shipping!","description":"Excess Bagage Shipping maakt het voor u mogelijk om goederen op te sturen naar waar u maar wil. Onze import- en exportspecialisten zorgen ervoor dat uw goederen veilig en wel op de juiste plaats bezorgd worden. Neem een kijkje op onze website voor meer informatie.","robots":{"index":"index","follow":"follow","max-snippet":"max-snippet:-1","max-image-preview":"max-image-preview:large","max-video-preview":"max-video-preview:-1"},"canonical":"https:\/\/excessbaggageshipping.be\/nl\/goederen-laten-opsturen\/","og_locale":"nl_BE","og_type":"article","og_title":"Wilt u graag uw goederen laten opsturen? Dit is perfect mogelijk bij Excess Baggage Shipping!","og_description":"Excess Bagage Shipping maakt het voor u mogelijk om goederen op te sturen naar waar u maar wil. Onze import- en exportspecialisten zorgen ervoor dat uw goederen veilig en wel op de juiste plaats bezorgd worden. Neem een kijkje op onze website voor meer informatie.","og_url":"https:\/\/excessbaggageshipping.be\/nl\/goederen-laten-opsturen\/","twitter_card":"summary_large_image","twitter_misc":{"Geschatte leestijd":"2 minuten"},"schema":{"@context":"https:\/\/schema.org","@graph":[{"@type":"WebPage","@id":"https:\/\/excessbaggageshipping.be\/nl\/goederen-laten-opsturen\/","url":"https:\/\/excessbaggageshipping.be\/nl\/goederen-laten-opsturen\/","name":"Wilt u graag uw goederen laten opsturen? Dit is perfect mogelijk bij Excess Baggage Shipping!","isPartOf":{"@id":"https:\/\/excessbaggageshipping.be\/#website"},"datePublished":"2018-03-27T13:34:30+00:00","description":"Excess Bagage Shipping maakt het voor u mogelijk om goederen op te sturen naar waar u maar wil. Onze import- en exportspecialisten zorgen ervoor dat uw goederen veilig en wel op de juiste plaats bezorgd worden. Neem een kijkje op onze website voor meer informatie.","breadcrumb":{"@id":"https:\/\/excessbaggageshipping.be\/nl\/goederen-laten-opsturen\/#breadcrumb"},"inLanguage":"nl-BE","potentialAction":[{"@type":"ReadAction","target":["https:\/\/excessbaggageshipping.be\/nl\/goederen-laten-opsturen\/"]}]},{"@type":"BreadcrumbList","@id":"https:\/\/excessbaggageshipping.be\/nl\/goederen-laten-opsturen\/#breadcrumb","itemListElement":[{"@type":"ListItem","position":1,"name":"Home","item":"https:\/\/excessbaggageshipping.be\/nl\/"},{"@type":"ListItem","position":2,"name":"Goederen laten opsturen"}]},{"@type":"WebSite","@id":"https:\/\/excessbaggageshipping.be\/#website","url":"https:\/\/excessbaggageshipping.be\/","name":"","description":"","potentialAction":[{"@type":"SearchAction","target":{"@type":"EntryPoint","urlTemplate":"https:\/\/excessbaggageshipping.be\/?s={search_term_string}"},"query-input":{"@type":"PropertyValueSpecification","valueRequired":true,"valueName":"search_term_string"}}],"inLanguage":"nl-BE"}]}},"_links":{"self":[{"href":"https:\/\/excessbaggageshipping.be\/nl\/wp-json\/wp\/v2\/pages\/32936","targetHints":{"allow":["GET"]}}],"collection":[{"href":"https:\/\/excessbaggageshipping.be\/nl\/wp-json\/wp\/v2\/pages"}],"about":[{"href":"https:\/\/excessbaggageshipping.be\/nl\/wp-json\/wp\/v2\/types\/page"}],"author":[{"embeddable":true,"href":"https:\/\/excessbaggageshipping.be\/nl\/wp-json\/wp\/v2\/users\/3"}],"replies":[{"embeddable":true,"href":"https:\/\/excessbaggageshipping.be\/nl\/wp-json\/wp\/v2\/comments?post=32936"}],"version-history":[{"count":1,"href":"https:\/\/excessbaggageshipping.be\/nl\/wp-json\/wp\/v2\/pages\/32936\/revisions"}],"predecessor-version":[{"id":32937,"href":"https:\/\/excessbaggageshipping.be\/nl\/wp-json\/wp\/v2\/pages\/32936\/revisions\/32937"}],"wp:attachment":[{"href":"https:\/\/excessbaggageshipping.be\/nl\/wp-json\/wp\/v2\/media?parent=32936"}],"curies":[{"name":"wp","href":"https:\/\/api.w.org\/{rel}","templated":true}]}}